{"id":2573,"date":"2025-08-02T08:52:27","date_gmt":"2025-08-02T06:52:27","guid":{"rendered":"https:\/\/www.luise-dahlem.de\/data-protection\/"},"modified":"2025-09-04T12:51:21","modified_gmt":"2025-09-04T10:51:21","slug":"data-protection","status":"publish","type":"page","link":"https:\/\/www.luise-dahlem.de\/en\/data-protection\/","title":{"rendered":"Imprint"},"content":{"rendered":"\t\t<div data-elementor-type=\"wp-page\" data-elementor-id=\"2573\" class=\"elementor elementor-2573 elementor-2563\" data-elementor-post-type=\"page\">\n\t\t\t\t<div class=\"elementor-element elementor-element-1254301 e-con-full e-flex e-con e-parent\" data-id=\"1254301\" data-element_type=\"container\">\n\t\t\t\t<div class=\"elementor-element elementor-element-6a58d77 elementor--h-position-center elementor--v-position-middle elementor-arrows-position-inside elementor-pagination-position-inside elementor-widget elementor-widget-slides\" data-id=\"6a58d77\" data-element_type=\"widget\" data-settings=\"{&quot;motion_fx_motion_fx_scrolling&quot;:&quot;yes&quot;,&quot;autoplay_speed&quot;:7000,&quot;transition&quot;:&quot;fade&quot;,&quot;navigation&quot;:&quot;both&quot;,&quot;autoplay&quot;:&quot;yes&quot;,&quot;pause_on_hover&quot;:&quot;yes&quot;,&quot;pause_on_interaction&quot;:&quot;yes&quot;,&quot;infinite&quot;:&quot;yes&quot;,&quot;transition_speed&quot;:500,&quot;motion_fx_devices&quot;:[&quot;desktop&quot;,&quot;tablet&quot;,&quot;mobile&quot;]}\" data-widget_type=\"slides.default\">\n\t\t\t\t<div class=\"elementor-widget-container\">\n\t\t\t\t\t\t\t\t\t<div class=\"elementor-swiper\">\n\t\t\t\t\t<div class=\"elementor-slides-wrapper elementor-main-swiper swiper\" role=\"region\" aria-roledescription=\"carousel\" aria-label=\"Luise Header\" dir=\"ltr\" data-animation=\"fadeInUp\">\n\t\t\t\t<div class=\"swiper-wrapper elementor-slides\">\n\t\t\t\t\t\t\t\t\t\t<div class=\"elementor-repeater-item-79826f4 swiper-slide\" role=\"group\" aria-roledescription=\"slide\"><div class=\"swiper-slide-bg elementor-ken-burns elementor-ken-burns--in\" role=\"img\" aria-label=\"Au\u00dfenansicht des Restaurants \u201eLuise\u201c mit schattigem Biergarten unter gro\u00dfen B\u00e4umen und ge\u00f6ffnetem Eingangstor.\"><\/div><a class=\"swiper-slide-inner\" href=\"https:\/\/www.luise-dahlem.de\/en\/menus\/\"><div class=\"swiper-slide-contents\"><div class=\"elementor-slide-description\"><p>Here you will find the imprint with all relevant information.<br \/>If you have any questions, please do not hesitate to contact us.<\/p>\n<\/div><div  class=\"elementor-button elementor-slide-button elementor-size-md\">Menus<\/div><\/div><\/a><\/div>\t\t\t\t<\/div>\n\t\t\t\t\t\t\t<\/div>\n\t\t\t\t<\/div>\n\t\t\t\t\t\t\t\t<\/div>\n\t\t\t\t<\/div>\n\t\t\t\t<\/div>\n\t\t<div class=\"elementor-element elementor-element-e76def0 e-flex e-con-boxed e-con e-parent\" data-id=\"e76def0\" data-element_type=\"container\">\n\t\t\t\t\t<div class=\"e-con-inner\">\n\t\t\t\t<div class=\"elementor-element elementor-element-7e6a3f4 elementor-widget elementor-widget-text-editor\" data-id=\"7e6a3f4\" data-element_type=\"widget\" data-widget_type=\"text-editor.default\">\n\t\t\t\t<div class=\"elementor-widget-container\">\n\t\t\t\t\t\t\t\t\t<h3>&#8220;Luise&#8221; Gastronomie &#8211; Handel GmbH &amp; Co. KG<\/h3><p>represented by its personally liable partner <br><b>Luise Beteiligungs GmbH<\/b> <br>represented by its managing director:<\/p><p>Matthias Wegert<br>K\u00f6nigin-Luise-Str. 40-42 <br>14195 Berlin Tel.: 030-841888 0 <br>Email: info@luisedahlem.de <br>VAT ID: DE196167008 <\/p>\t\t\t\t\t\t\t\t<\/div>\n\t\t\t\t<\/div>\n\t\t\t\t\t<\/div>\n\t\t\t\t<\/div>\n\t\t\t\t<\/div>\n\t\t","protected":false},"excerpt":{"rendered":"<p>Here you will find the imprint with all relevant information.If you have any questions, please do not hesitate to contact us. Menus &#8220;Luise&#8221; Gastronomie &#8211; Handel GmbH &amp; Co. KG represented by its personally liable partner Luise Beteiligungs GmbH represented by its managing director: Matthias WegertK\u00f6nigin-Luise-Str. 40-42 14195 Berlin Tel.: 030-841888 0 Email: info@luisedahlem.de VAT [&hellip;]<\/p>\n","protected":false},"author":1,"featured_media":0,"parent":0,"menu_order":0,"comment_status":"closed","ping_status":"closed","template":"","meta":{"_acf_changed":false,"footnotes":""},"class_list":["post-2573","page","type-page","status-publish","hentry"],"acf":[],"yoast_head":"<!-- This site is optimized with the Yoast SEO plugin v26.0 - https:\/\/yoast.com\/wordpress\/plugins\/seo\/ -->\n<title>Imprint - Luise Dahlem Berlin<\/title>\n<meta name=\"robots\" content=\"index, follow, max-snippet:-1, max-image-preview:large, max-video-preview:-1\" \/>\n<link rel=\"canonical\" href=\"https:\/\/www.luise-dahlem.de\/en\/data-protection\/\" \/>\n<meta property=\"og:locale\" content=\"en_US\" \/>\n<meta property=\"og:type\" content=\"article\" \/>\n<meta property=\"og:title\" content=\"Imprint - Luise Dahlem Berlin\" \/>\n<meta property=\"og:description\" content=\"Here you will find the imprint with all relevant information.If you have any questions, please do not hesitate to contact us. Menus &#8220;Luise&#8221; Gastronomie &#8211; Handel GmbH &amp; Co. KG represented by its personally liable partner Luise Beteiligungs GmbH represented by its managing director: Matthias WegertK\u00f6nigin-Luise-Str. 40-42 14195 Berlin Tel.: 030-841888 0 Email: info@luisedahlem.de VAT [&hellip;]\" \/>\n<meta property=\"og:url\" content=\"https:\/\/www.luise-dahlem.de\/en\/data-protection\/\" \/>\n<meta property=\"og:site_name\" content=\"Luise Dahlem Berlin\" \/>\n<meta property=\"article:modified_time\" content=\"2025-09-04T10:51:21+00:00\" \/>\n<meta name=\"twitter:card\" content=\"summary_large_image\" \/>\n<script type=\"application\/ld+json\" class=\"yoast-schema-graph\">{\"@context\":\"https:\/\/schema.org\",\"@graph\":[{\"@type\":\"WebPage\",\"@id\":\"https:\/\/www.luise-dahlem.de\/en\/data-protection\/\",\"url\":\"https:\/\/www.luise-dahlem.de\/en\/data-protection\/\",\"name\":\"Imprint - Luise Dahlem Berlin\",\"isPartOf\":{\"@id\":\"https:\/\/www.luise-dahlem.de\/#website\"},\"datePublished\":\"2025-08-02T06:52:27+00:00\",\"dateModified\":\"2025-09-04T10:51:21+00:00\",\"breadcrumb\":{\"@id\":\"https:\/\/www.luise-dahlem.de\/en\/data-protection\/#breadcrumb\"},\"inLanguage\":\"en-US\",\"potentialAction\":[{\"@type\":\"ReadAction\",\"target\":[\"https:\/\/www.luise-dahlem.de\/en\/data-protection\/\"]}]},{\"@type\":\"BreadcrumbList\",\"@id\":\"https:\/\/www.luise-dahlem.de\/en\/data-protection\/#breadcrumb\",\"itemListElement\":[{\"@type\":\"ListItem\",\"position\":1,\"name\":\"Startseite\",\"item\":\"https:\/\/www.luise-dahlem.de\/en\/luise-berlin-dahlem-2\/\"},{\"@type\":\"ListItem\",\"position\":2,\"name\":\"Imprint\"}]},{\"@type\":\"WebSite\",\"@id\":\"https:\/\/www.luise-dahlem.de\/#website\",\"url\":\"https:\/\/www.luise-dahlem.de\/\",\"name\":\"Luise Dahlem Berlin\",\"description\":\"Restaurant \u2013 Biergarten \u2013 Bar\",\"publisher\":{\"@id\":\"https:\/\/www.luise-dahlem.de\/#organization\"},\"potentialAction\":[{\"@type\":\"SearchAction\",\"target\":{\"@type\":\"EntryPoint\",\"urlTemplate\":\"https:\/\/www.luise-dahlem.de\/?s={search_term_string}\"},\"query-input\":{\"@type\":\"PropertyValueSpecification\",\"valueRequired\":true,\"valueName\":\"search_term_string\"}}],\"inLanguage\":\"en-US\"},{\"@type\":\"Organization\",\"@id\":\"https:\/\/www.luise-dahlem.de\/#organization\",\"name\":\"Luise Dahlem Berlin\",\"url\":\"https:\/\/www.luise-dahlem.de\/\",\"logo\":{\"@type\":\"ImageObject\",\"inLanguage\":\"en-US\",\"@id\":\"https:\/\/www.luise-dahlem.de\/#\/schema\/logo\/image\/\",\"url\":\"https:\/\/www.luise-dahlem.de\/wp-content\/uploads\/2025\/06\/logo-inside-mit-schrift.svg\",\"contentUrl\":\"https:\/\/www.luise-dahlem.de\/wp-content\/uploads\/2025\/06\/logo-inside-mit-schrift.svg\",\"width\":193,\"height\":182,\"caption\":\"Luise Dahlem Berlin\"},\"image\":{\"@id\":\"https:\/\/www.luise-dahlem.de\/#\/schema\/logo\/image\/\"}}]}<\/script>\n<!-- \/ Yoast SEO plugin. -->","yoast_head_json":{"title":"Imprint - Luise Dahlem Berlin","robots":{"index":"index","follow":"follow","max-snippet":"max-snippet:-1","max-image-preview":"max-image-preview:large","max-video-preview":"max-video-preview:-1"},"canonical":"https:\/\/www.luise-dahlem.de\/en\/data-protection\/","og_locale":"en_US","og_type":"article","og_title":"Imprint - Luise Dahlem Berlin","og_description":"Here you will find the imprint with all relevant information.If you have any questions, please do not hesitate to contact us. Menus &#8220;Luise&#8221; Gastronomie &#8211; Handel GmbH &amp; Co. KG represented by its personally liable partner Luise Beteiligungs GmbH represented by its managing director: Matthias WegertK\u00f6nigin-Luise-Str. 40-42 14195 Berlin Tel.: 030-841888 0 Email: info@luisedahlem.de VAT [&hellip;]","og_url":"https:\/\/www.luise-dahlem.de\/en\/data-protection\/","og_site_name":"Luise Dahlem Berlin","article_modified_time":"2025-09-04T10:51:21+00:00","twitter_card":"summary_large_image","schema":{"@context":"https:\/\/schema.org","@graph":[{"@type":"WebPage","@id":"https:\/\/www.luise-dahlem.de\/en\/data-protection\/","url":"https:\/\/www.luise-dahlem.de\/en\/data-protection\/","name":"Imprint - Luise Dahlem Berlin","isPartOf":{"@id":"https:\/\/www.luise-dahlem.de\/#website"},"datePublished":"2025-08-02T06:52:27+00:00","dateModified":"2025-09-04T10:51:21+00:00","breadcrumb":{"@id":"https:\/\/www.luise-dahlem.de\/en\/data-protection\/#breadcrumb"},"inLanguage":"en-US","potentialAction":[{"@type":"ReadAction","target":["https:\/\/www.luise-dahlem.de\/en\/data-protection\/"]}]},{"@type":"BreadcrumbList","@id":"https:\/\/www.luise-dahlem.de\/en\/data-protection\/#breadcrumb","itemListElement":[{"@type":"ListItem","position":1,"name":"Startseite","item":"https:\/\/www.luise-dahlem.de\/en\/luise-berlin-dahlem-2\/"},{"@type":"ListItem","position":2,"name":"Imprint"}]},{"@type":"WebSite","@id":"https:\/\/www.luise-dahlem.de\/#website","url":"https:\/\/www.luise-dahlem.de\/","name":"Luise Dahlem Berlin","description":"Restaurant \u2013 Biergarten \u2013 Bar","publisher":{"@id":"https:\/\/www.luise-dahlem.de\/#organization"},"potentialAction":[{"@type":"SearchAction","target":{"@type":"EntryPoint","urlTemplate":"https:\/\/www.luise-dahlem.de\/?s={search_term_string}"},"query-input":{"@type":"PropertyValueSpecification","valueRequired":true,"valueName":"search_term_string"}}],"inLanguage":"en-US"},{"@type":"Organization","@id":"https:\/\/www.luise-dahlem.de\/#organization","name":"Luise Dahlem Berlin","url":"https:\/\/www.luise-dahlem.de\/","logo":{"@type":"ImageObject","inLanguage":"en-US","@id":"https:\/\/www.luise-dahlem.de\/#\/schema\/logo\/image\/","url":"https:\/\/www.luise-dahlem.de\/wp-content\/uploads\/2025\/06\/logo-inside-mit-schrift.svg","contentUrl":"https:\/\/www.luise-dahlem.de\/wp-content\/uploads\/2025\/06\/logo-inside-mit-schrift.svg","width":193,"height":182,"caption":"Luise Dahlem Berlin"},"image":{"@id":"https:\/\/www.luise-dahlem.de\/#\/schema\/logo\/image\/"}}]}},"_links":{"self":[{"href":"https:\/\/www.luise-dahlem.de\/en\/wp-json\/wp\/v2\/pages\/2573","targetHints":{"allow":["GET"]}}],"collection":[{"href":"https:\/\/www.luise-dahlem.de\/en\/wp-json\/wp\/v2\/pages"}],"about":[{"href":"https:\/\/www.luise-dahlem.de\/en\/wp-json\/wp\/v2\/types\/page"}],"author":[{"embeddable":true,"href":"https:\/\/www.luise-dahlem.de\/en\/wp-json\/wp\/v2\/users\/1"}],"replies":[{"embeddable":true,"href":"https:\/\/www.luise-dahlem.de\/en\/wp-json\/wp\/v2\/comments?post=2573"}],"version-history":[{"count":5,"href":"https:\/\/www.luise-dahlem.de\/en\/wp-json\/wp\/v2\/pages\/2573\/revisions"}],"predecessor-version":[{"id":3051,"href":"https:\/\/www.luise-dahlem.de\/en\/wp-json\/wp\/v2\/pages\/2573\/revisions\/3051"}],"wp:attachment":[{"href":"https:\/\/www.luise-dahlem.de\/en\/wp-json\/wp\/v2\/media?parent=2573"}],"curies":[{"name":"wp","href":"https:\/\/api.w.org\/{rel}","templated":true}]}}